{"id":846,"date":"2011-07-22T11:16:05","date_gmt":"2011-07-22T09:16:05","guid":{"rendered":"http:\/\/luiza.manolea.ro\/blog\/?page_id=846"},"modified":"2012-11-23T13:46:19","modified_gmt":"2012-11-23T11:46:19","slug":"eficienta-energetica","status":"publish","type":"page","link":"https:\/\/luiza.manolea.ro\/blog\/legislatie\/eficienta-energetica\/","title":{"rendered":"Eficienta energetica"},"content":{"rendered":"<p><a href=\"http:\/\/eur-lex.europa.eu\/LexUriServ\/LexUriServ.do?uri=DD:12:02:32006L0032:RO:PDF\">* Directiva 2006\/32\/CE<\/a> privind eficien\u021ba energetic\u0103 la utilizatorii finali \u0219i serviciile energetice<\/p>\n<p>* <a href=\"http:\/\/eur-lex.europa.eu\/LexUriServ\/LexUriServ.do?uri=OJ:L:2012:315:0001:0056:RO:PDF\">Directiva 2012\/27\/UE<\/a> privind eficien\u021ba energetic\u0103, de modificare a Directivelor 2009\/125\/CE \u0219i 2010\/30\/UE \u0219i de abrogare a Directivelor 2004\/8\/CE \u0219i 2006\/32\/CE<\/p>\n<p style=\"padding-left: 30px;\">** <a href=\"https:\/\/luiza.manolea.ro\/blog\/legislatie\/eficienta-energetica\/og-nr-222008-eficienta-energetica-si-promovarea-utilizarii-la-consumatorii-finali-a-surselor-regenerabile-de-energie\/\">OG nr. 22\/2008<\/a> privind eficienta energetic\u0103 si promovarea utiliz\u0103rii la consumatorii finali a surselor regenerabile de energie<\/p>\n<p style=\"padding-left: 60px;\">*** <a href=\"https:\/\/luiza.manolea.ro\/blog\/legislatie\/energie-din-surse-regenerabile\/og-nr-222008-eficienta-energetica-si-promovarea-utilizarii-la-consumatorii-finali-a-surselor-regenerabile-de-energie\/hg-nr-4092009-de-aplicare-a-og-nr-222008\/\">HG nr. 409\/2009 <\/a>pentru aprobarea Normelor metodologice de aplicare a Ordonan\u0163ei Guvernului nr. 22\/2008 privind eficien\u0163a energetic\u0103 \u015fi promovarea utiliz\u0103rii la consumatorii finali a surselor regenerabile de energie<\/p>\n<p style=\"padding-left: 30px;\">** <a href=\"https:\/\/luiza.manolea.ro\/blog\/wp-content\/uploads\/2011\/08\/Plan-national-ef-en_2007-2010_romania_ro.pdf\">Primul Plan national de actiune in domeniul eficientei energetice (2007-2010)<\/a><\/p>\n<p><a href=\"http:\/\/eur-lex.europa.eu\/LexUriServ\/LexUriServ.do?uri=CELEX:52010DC0639:EN:HTML:NOT\">* Energie 2020 &#8211; Strategia european\u0103 pentru energie competitiv\u0103, durabil\u0103 \u015fi sigur\u0103<\/a><br \/>\n* <a href=\"https:\/\/luiza.manolea.ro\/blog\/wp-content\/uploads\/2011\/08\/Energy-Efficiency-Action-Plan_march-2011_com2011_0109en01.pdf\">Energy Efficiency Action Plan &#8211; March 2011<\/a> &#8211; COM(2011) 109 final<\/p>\n","protected":false},"excerpt":{"rendered":"<p>* Directiva 2006\/32\/CE privind eficien\u021ba energetic\u0103 la utilizatorii finali \u0219i serviciile energetice * Directiva 2012\/27\/UE privind eficien\u021ba energetic\u0103, de modificare a Directivelor 2009\/125\/CE \u0219i 2010\/30\/UE \u0219i de abrogare a Directivelor 2004\/8\/CE \u0219i 2006\/32\/CE ** OG nr. 22\/2008 privind eficienta energetic\u0103 si promovarea utiliz\u0103rii la consumatorii finali a surselor regenerabile de energie *** HG nr. 409\/2009 [&hellip;]<\/p>\n","protected":false},"author":2,"featured_media":0,"parent":276,"menu_order":0,"comment_status":"open","ping_status":"closed","template":"","meta":{"footnotes":""},"class_list":["post-846","page","type-page","status-publish","hentry"],"aioseo_notices":[],"_links":{"self":[{"href":"https:\/\/luiza.manolea.ro\/blog\/wp-json\/wp\/v2\/pages\/846","targetHints":{"allow":["GET"]}}],"collection":[{"href":"https:\/\/luiza.manolea.ro\/blog\/wp-json\/wp\/v2\/pages"}],"about":[{"href":"https:\/\/luiza.manolea.ro\/blog\/wp-json\/wp\/v2\/types\/page"}],"author":[{"embeddable":true,"href":"https:\/\/luiza.manolea.ro\/blog\/wp-json\/wp\/v2\/users\/2"}],"replies":[{"embeddable":true,"href":"https:\/\/luiza.manolea.ro\/blog\/wp-json\/wp\/v2\/comments?post=846"}],"version-history":[{"count":20,"href":"https:\/\/luiza.manolea.ro\/blog\/wp-json\/wp\/v2\/pages\/846\/revisions"}],"predecessor-version":[{"id":857,"href":"https:\/\/luiza.manolea.ro\/blog\/wp-json\/wp\/v2\/pages\/846\/revisions\/857"}],"up":[{"embeddable":true,"href":"https:\/\/luiza.manolea.ro\/blog\/wp-json\/wp\/v2\/pages\/276"}],"wp:attachment":[{"href":"https:\/\/luiza.manolea.ro\/blog\/wp-json\/wp\/v2\/media?parent=846"}],"curies":[{"name":"wp","href":"https:\/\/api.w.org\/{rel}","templated":true}]}}