{"id":733,"date":"2011-05-28T21:45:00","date_gmt":"2011-05-28T19:45:00","guid":{"rendered":"http:\/\/luiza.manolea.ro\/blog\/?page_id=733"},"modified":"2012-01-26T19:39:55","modified_gmt":"2012-01-26T17:39:55","slug":"energie-din-surse-regenerabile","status":"publish","type":"page","link":"https:\/\/luiza.manolea.ro\/blog\/legislatie\/energie-din-surse-regenerabile\/","title":{"rendered":"Energie din surse regenerabile"},"content":{"rendered":"<ul>\n<li><a href=\"http:\/\/eur-lex.europa.eu\/LexUriServ\/LexUriServ.do?uri=CELEX:32009L0028:RO:NOT\">Directiva 2009\/28\/CE<\/a> privind promovarea energiei din surse regenerabile\n<ul>\n<li><a href=\"https:\/\/luiza.manolea.ro\/blog\/legislatie\/legea-2202008-promovarea-producerii-energiei-din-surse-regenerabile-de-energie\/\">Legea nr. 220\/2008<\/a> pentru stabilirea sistemului de promovare a producerii energiei din surse regenerabile de energie<\/li>\n<\/ul>\n<\/li>\n<\/ul>\n<ul>\n<li><a href=\"http:\/\/eur-lex.europa.eu\/LexUriServ\/LexUriServ.do?uri=CONSLEG:2006L0032:20081211:RO:PDF\">Directiva nr. 2006\/32\/CE<\/a> privind eficien\u0163a energetic\u0103 la utilizatorii finali \u015fi serviciile energetice\n<ul>\n<li><a href=\"https:\/\/luiza.manolea.ro\/blog\/legislatie\/og-nr-222008-eficienta-energetica-si-promovarea-utilizarii-la-consumatorii-finali-a-surselor-regenerabile-de-energie\/\">OG nr. 22\/2008<\/a> privind eficienta energetic\u0103 si promovarea utiliz\u0103rii la consumatorii finali a surselor regenerabile de energie\n<ul>\n<li>Norme de aplicare: <a href=\"https:\/\/luiza.manolea.ro\/blog\/legislatie\/energie-din-surse-regenerabile\/hg-nr-4092009-pentru-aprobarea-normelor-metodologice-de-aplicare-a-og-nr-222008\/\">HG 409\/2009<\/a><\/li>\n<\/ul>\n<\/li>\n<\/ul>\n<\/li>\n<\/ul>\n","protected":false},"excerpt":{"rendered":"<p>Directiva 2009\/28\/CE privind promovarea energiei din surse regenerabile Legea nr. 220\/2008 pentru stabilirea sistemului de promovare a producerii energiei din surse regenerabile de energie Directiva nr. 2006\/32\/CE privind eficien\u0163a energetic\u0103 la utilizatorii finali \u015fi serviciile energetice OG nr. 22\/2008 privind eficienta energetic\u0103 si promovarea utiliz\u0103rii la consumatorii finali a surselor regenerabile de energie Norme de [&hellip;]<\/p>\n","protected":false},"author":2,"featured_media":0,"parent":276,"menu_order":1,"comment_status":"open","ping_status":"closed","template":"","meta":{"footnotes":""},"class_list":["post-733","page","type-page","status-publish","hentry"],"aioseo_notices":[],"_links":{"self":[{"href":"https:\/\/luiza.manolea.ro\/blog\/wp-json\/wp\/v2\/pages\/733","targetHints":{"allow":["GET"]}}],"collection":[{"href":"https:\/\/luiza.manolea.ro\/blog\/wp-json\/wp\/v2\/pages"}],"about":[{"href":"https:\/\/luiza.manolea.ro\/blog\/wp-json\/wp\/v2\/types\/page"}],"author":[{"embeddable":true,"href":"https:\/\/luiza.manolea.ro\/blog\/wp-json\/wp\/v2\/users\/2"}],"replies":[{"embeddable":true,"href":"https:\/\/luiza.manolea.ro\/blog\/wp-json\/wp\/v2\/comments?post=733"}],"version-history":[{"count":13,"href":"https:\/\/luiza.manolea.ro\/blog\/wp-json\/wp\/v2\/pages\/733\/revisions"}],"predecessor-version":[{"id":980,"href":"https:\/\/luiza.manolea.ro\/blog\/wp-json\/wp\/v2\/pages\/733\/revisions\/980"}],"up":[{"embeddable":true,"href":"https:\/\/luiza.manolea.ro\/blog\/wp-json\/wp\/v2\/pages\/276"}],"wp:attachment":[{"href":"https:\/\/luiza.manolea.ro\/blog\/wp-json\/wp\/v2\/media?parent=733"}],"curies":[{"name":"wp","href":"https:\/\/api.w.org\/{rel}","templated":true}]}}