{"id":666,"date":"2011-04-27T09:09:04","date_gmt":"2011-04-27T07:09:04","guid":{"rendered":"http:\/\/luiza.manolea.ro\/blog\/?page_id=666"},"modified":"2013-09-18T06:54:08","modified_gmt":"2013-09-18T04:54:08","slug":"energie-auditori-si-manageri-energetici","status":"publish","type":"page","link":"https:\/\/luiza.manolea.ro\/blog\/legislatie\/energie-auditori-si-manageri-energetici\/","title":{"rendered":"Energie &#8211; auditori si manageri energetici"},"content":{"rendered":"<ul>\n<li><a href=\"https:\/\/luiza.manolea.ro\/blog\/legislatie\/ordin-nr-22372010-atestare-auditori-energetici-pentru-cladiri\/\">Ordin nr. 2.237\/2010<\/a> pentru aprobarea reglement\u0103rii tehnice \u201eRegulament privind atestarea auditorilor energetici pentru cl\u0103diri\u201c &#8211; dat in aplicarea <a href=\"https:\/\/luiza.manolea.ro\/blog\/legislatie\/legea-3722005-performanta-energetica-a-cladirilor\/\">Legii nr. 372\/2005<\/a> privind performan\u0163a energetic\u0103 a cl\u0103dirilor.<\/li>\n<\/ul>\n<ul>\n<li><a href=\"https:\/\/luiza.manolea.ro\/blog\/legislatie\/ordinul-anre-nr-422010-autorizarea-auditorilor-energetici-si-atestarea-managerilor-energetici\/\">Ordinul ANRE nr. 42\/2010<\/a> privind aprobarea Regulamentului pentru autorizarea auditorilor energetici si a Regulamentului pentru atestarea managerilor energetici &#8211; dat in aplicarea Ordonan\u0163ei Guvernului nr. 22\/2008 privind eficien\u0163a energetic\u0103 \u015fi promovarea utiliz\u0103rii la consumatorii finali a surselor regenerabile de energie.<\/li>\n<\/ul>\n<p>&nbsp;<\/p>\n","protected":false},"excerpt":{"rendered":"<p>Ordin nr. 2.237\/2010 pentru aprobarea reglement\u0103rii tehnice \u201eRegulament privind atestarea auditorilor energetici pentru cl\u0103diri\u201c &#8211; dat in aplicarea Legii nr. 372\/2005 privind performan\u0163a energetic\u0103 a cl\u0103dirilor. Ordinul ANRE nr. 42\/2010 privind aprobarea Regulamentului pentru autorizarea auditorilor energetici si a Regulamentului pentru atestarea managerilor energetici &#8211; dat in aplicarea Ordonan\u0163ei Guvernului nr. 22\/2008 privind eficien\u0163a energetic\u0103 [&hellip;]<\/p>\n","protected":false},"author":2,"featured_media":0,"parent":276,"menu_order":2,"comment_status":"open","ping_status":"closed","template":"","meta":{"footnotes":""},"class_list":["post-666","page","type-page","status-publish","hentry"],"aioseo_notices":[],"_links":{"self":[{"href":"https:\/\/luiza.manolea.ro\/blog\/wp-json\/wp\/v2\/pages\/666","targetHints":{"allow":["GET"]}}],"collection":[{"href":"https:\/\/luiza.manolea.ro\/blog\/wp-json\/wp\/v2\/pages"}],"about":[{"href":"https:\/\/luiza.manolea.ro\/blog\/wp-json\/wp\/v2\/types\/page"}],"author":[{"embeddable":true,"href":"https:\/\/luiza.manolea.ro\/blog\/wp-json\/wp\/v2\/users\/2"}],"replies":[{"embeddable":true,"href":"https:\/\/luiza.manolea.ro\/blog\/wp-json\/wp\/v2\/comments?post=666"}],"version-history":[{"count":8,"href":"https:\/\/luiza.manolea.ro\/blog\/wp-json\/wp\/v2\/pages\/666\/revisions"}],"predecessor-version":[{"id":670,"href":"https:\/\/luiza.manolea.ro\/blog\/wp-json\/wp\/v2\/pages\/666\/revisions\/670"}],"up":[{"embeddable":true,"href":"https:\/\/luiza.manolea.ro\/blog\/wp-json\/wp\/v2\/pages\/276"}],"wp:attachment":[{"href":"https:\/\/luiza.manolea.ro\/blog\/wp-json\/wp\/v2\/media?parent=666"}],"curies":[{"name":"wp","href":"https:\/\/api.w.org\/{rel}","templated":true}]}}