{"id":603,"date":"2011-03-17T19:39:40","date_gmt":"2011-03-17T17:39:40","guid":{"rendered":"http:\/\/luiza.manolea.ro\/blog\/"},"modified":"2011-03-18T13:35:50","modified_gmt":"2011-03-18T11:35:50","slug":"autorizarea-constructiilor","status":"publish","type":"page","link":"https:\/\/luiza.manolea.ro\/blog\/legislatie\/autorizarea-constructiilor\/","title":{"rendered":"Constructii &#8211; autorizarea constructiilor"},"content":{"rendered":"<ul>\n<li><a href=\"https:\/\/luiza.manolea.ro\/blog\/?page_id=592&amp;preview=true\"><strong>Legea nr. 50\/1991<\/strong> privind autorizarea executarii lucrarilor de constructii<\/a>\n<ul>\n<li><a href=\"https:\/\/luiza.manolea.ro\/blog\/legislatie\/legea-nr-501991-privind-autorizarea-constructiilor\/ordinul-nr-8392009-norme-de-aplicare-a-legii-nr-501991\/\"><strong>Ordin nr. 839\/2009<\/strong> pentru aprobarea Normelor metodologice de aplicare a Legii nr. 50\/1991 privind autorizarea execut\u0103rii lucr\u0103rilor de construc\u0163ii<\/a><\/li>\n<\/ul>\n<\/li>\n<\/ul>\n<div id=\"_mcePaste\" style=\"position: absolute; left: -10000px; top: 0px; width: 1px; height: 1px; overflow: hidden;\"><!--[if gte mso 9]><xml> <w:WordDocument> <w:View>Normal<\/w:View> <w:Zoom>0<\/w:Zoom> <w:PunctuationKerning \/> <w:ValidateAgainstSchemas \/> <w:SaveIfXMLInvalid>false<\/w:SaveIfXMLInvalid> <w:IgnoreMixedContent>false<\/w:IgnoreMixedContent> <w:AlwaysShowPlaceholderText>false<\/w:AlwaysShowPlaceholderText> <w:Compatibility> <w:BreakWrappedTables \/> <w:SnapToGridInCell \/> <w:WrapTextWithPunct \/> <w:UseAsianBreakRules \/> <w:DontGrowAutofit \/> <\/w:Compatibility> <w:BrowserLevel>MicrosoftInternetExplorer4<\/w:BrowserLevel> <\/w:WordDocument> <\/xml><![endif]--><!--[if gte mso 9]><xml> <w:LatentStyles DefLockedState=\"false\" LatentStyleCount=\"156\"> <\/w:LatentStyles> <\/xml><![endif]--><!--[if gte mso 10]> <mce:style><!   \/* Style Definitions *\/  table.MsoNormalTable \t{mso-style-name:\"Table Normal\"; \tmso-tstyle-rowband-size:0; \tmso-tstyle-colband-size:0; \tmso-style-noshow:yes; \tmso-style-parent:\"\"; \tmso-padding-alt:0in 5.4pt 0in 5.4pt; \tmso-para-margin:0in; \tmso-para-margin-bottom:.0001pt; \tmso-pagination:widow-orphan; \tfont-size:10.0pt; \tfont-family:\"Times New Roman\"; \tmso-ansi-language:#0400; \tmso-fareast-language:#0400; \tmso-bidi-language:#0400;} --> <!--[endif]-->&nbsp;<\/p>\n<h2 style=\"text-align: center;\"><span style=\"font-size: 8pt; font-family: Arial;\" lang=\"PT-BR\">pentru aprobarea Normelor metodologice de aplicare a Legii nr. 50\/1991 privind autorizarea execut\u0103rii lucr\u0103rilor de construc\u0163ii<\/span><\/h2>\n<\/div>\n","protected":false},"excerpt":{"rendered":"<p>Legea nr. 50\/1991 privind autorizarea executarii lucrarilor de constructii Ordin nr. 839\/2009 pentru aprobarea Normelor metodologice de aplicare a Legii nr. 50\/1991 privind autorizarea execut\u0103rii lucr\u0103rilor de construc\u0163ii &nbsp; pentru aprobarea Normelor metodologice de aplicare a Legii nr. 50\/1991 privind autorizarea execut\u0103rii lucr\u0103rilor de construc\u0163ii<\/p>\n","protected":false},"author":2,"featured_media":0,"parent":276,"menu_order":0,"comment_status":"open","ping_status":"closed","template":"","meta":{"footnotes":""},"class_list":["post-603","page","type-page","status-publish","hentry"],"aioseo_notices":[],"_links":{"self":[{"href":"https:\/\/luiza.manolea.ro\/blog\/wp-json\/wp\/v2\/pages\/603","targetHints":{"allow":["GET"]}}],"collection":[{"href":"https:\/\/luiza.manolea.ro\/blog\/wp-json\/wp\/v2\/pages"}],"about":[{"href":"https:\/\/luiza.manolea.ro\/blog\/wp-json\/wp\/v2\/types\/page"}],"author":[{"embeddable":true,"href":"https:\/\/luiza.manolea.ro\/blog\/wp-json\/wp\/v2\/users\/2"}],"replies":[{"embeddable":true,"href":"https:\/\/luiza.manolea.ro\/blog\/wp-json\/wp\/v2\/comments?post=603"}],"version-history":[{"count":4,"href":"https:\/\/luiza.manolea.ro\/blog\/wp-json\/wp\/v2\/pages\/603\/revisions"}],"predecessor-version":[{"id":641,"href":"https:\/\/luiza.manolea.ro\/blog\/wp-json\/wp\/v2\/pages\/603\/revisions\/641"}],"up":[{"embeddable":true,"href":"https:\/\/luiza.manolea.ro\/blog\/wp-json\/wp\/v2\/pages\/276"}],"wp:attachment":[{"href":"https:\/\/luiza.manolea.ro\/blog\/wp-json\/wp\/v2\/media?parent=603"}],"curies":[{"name":"wp","href":"https:\/\/api.w.org\/{rel}","templated":true}]}}