{"id":422,"date":"2010-11-02T23:28:25","date_gmt":"2010-11-02T21:28:25","guid":{"rendered":"http:\/\/luiza.manolea.ro\/blog\/"},"modified":"2013-11-20T14:24:38","modified_gmt":"2013-11-20T12:24:38","slug":"constructii-performanta-energetica-a-cladirilor","status":"publish","type":"page","link":"https:\/\/luiza.manolea.ro\/blog\/legislatie\/constructii-performanta-energetica-a-cladirilor\/","title":{"rendered":"Constructii &#8211; performanta energetica a cladirilor"},"content":{"rendered":"<ul>\n<li><a href=\"http:\/\/eur-lex.europa.eu\/LexUriServ\/LexUriServ.do?uri=OJ:L:2010:153:0013:01:RO:HTML\">Directiva 2010\/31\/UE<\/a>&#8211; privind performanta energetica a cladirilor &#8211; reformare\n<ul>\n<li><a href=\"http:\/\/eur-lex.europa.eu\/LexUriServ\/LexUriServ.do?uri=OJ:L:2012:081:0018:0036:RO:PDF\">Regulamentul delegat (UE) nr. 244\/2012<\/a> al Comisiei din 16 ianuarie 2012 de completare a Directivei 2010\/31\/UE a Parlamentului European \u0219i a Consiliului privind performan\u021ba energetic\u0103 a cl\u0103dirilor prin stabilirea unui cadru metodologic comparativ de calcul al nivelurilor optime, din punctul de vedere al costurilor, ale cerin\u021belor minime de performan\u021b\u0103 energetic\u0103 a cl\u0103dirilor \u0219i a elementelor acestora.<\/li>\n<li><a title=\"Ghid\" href=\"http:\/\/eur-lex.europa.eu\/LexUriServ\/LexUriServ.do?uri=OJ:C:2012:115:0001:01:RO:HTML\">Ghidul de aplicare al Regulamentului nr. 244\/2012<\/a><\/li>\n<\/ul>\n<\/li>\n<li><a href=\"https:\/\/luiza.manolea.ro\/blog\/legislatie\/legea-3722005-performanta-energetica-a-cladirilor\/\">Legea 372\/2005<\/a>\u2013 performanta energetica a cladirilor\n<ul>\n<li>republicat\u0103 \u00een Monitorul Oficial nr. 451\/23.07.2013, \u00een urma ultimei modific\u0103ri adus\u0103 de Legea nr. 159\/2013, care a intrat \u00een vigoare la 19 iulie 2013.<\/li>\n<li><a href=\"https:\/\/luiza.manolea.ro\/blog\/wp-content\/uploads\/2011\/08\/L.372.2005_NM-aprob-prin-O.157.2007_14082010.doc\">Ordin 157 din 2007 actualizat la 30.08.2011<\/a>&#8211; pentru aprobarea reglement\u0103rii tehnice \u201eMetodologie de calcul al performan\u0163ei energetice a cl\u0103dirilor&#8221;<\/li>\n<li><a href=\"https:\/\/luiza.manolea.ro\/blog\/legislatie\/legea-3722005-performanta-energetica-a-cladirilor\/ordin-nr-69114592882007-norme-metodologice-de-aplicare-a-legii-nr-3722007\/\">Ordin nr. 691\/1459\/288\/ 2007<\/a> &#8211; norme metodologice privind performan\u0163a energetic\u0103 a cl\u0103dirilor<\/li>\n<li>Ordin nr. 1590\/2012 care modific\u0103 Partea a 3-a a Normativului C 107\/2005 (Normativ C 107\/3) privind calculul termotehnic al elementelor de construc\u0163ie ale cl\u0103dirilor, \u015fi anume: calculul performan\u0163elor termoenergetice ale elementelor de construc\u0163ie ale cl\u0103dirilor.<\/li>\n<\/ul>\n<\/li>\n<li><a href=\"https:\/\/luiza.manolea.ro\/blog\/legislatie\/oug-182009-cresterea-performantei-energetice-a-blocurilor-de-locuinte\/\">OUG 18\/2009<\/a>\u2013 cresterea performantei energetice a blocurilor de locuinte; modificata prin <a href=\"https:\/\/luiza.manolea.ro\/blog\/legislatie\/oug-182009-cresterea-performantei-energetice-a-blocurilor-de-locuinte\/oug-nr-632012-de-modificare-a-oug-nr-182009\/\">OUG 63\/2012<\/a> (in vigoare din 27 noiembrie 2012)<\/li>\n<\/ul>\n<p style=\"padding-left: 90px;\">*** <a href=\"https:\/\/luiza.manolea.ro\/blog\/legislatie\/oug-182009-cresterea-performantei-energetice-a-blocurilor-de-locuinte\/ordin-nr-1632009-norme-de-aplicare-a-oug-nr-182009\/\">Ordin nr. 163\/2009<\/a> &#8211; pentru aprobarea normelor metodologice de aplicare a OUG 18\/2009; termen pentru actualizarea acestor norme de aplicare: 27 noiembrie 2012, conform art. VII din OUG 63\/2012.<\/p>\n<ul>\n<li><a href=\"https:\/\/luiza.manolea.ro\/blog\/legislatie\/oug-692010-reabilitare-cu-credite\/\">OUG 69\/2010<\/a>&#8211; reabilitare termica a cladirilor de\u00a0locuit cu finantare din credite bancare cu dobanda subventionata<\/li>\n<\/ul>\n<p style=\"padding-left: 90px;\">*** <a href=\"https:\/\/luiza.manolea.ro\/blog\/legislatie\/oug-692010-reabilitare-cu-credite\/hg-7362010-norme-de-aplicare-ale-oug-692010\/\">HG 736\/2010<\/a> &#8211; de aprobare a normelor metodologice de aplicare a OUG 69\/2010<\/p>\n<p style=\"padding-left: 90px;\">*** <a href=\"https:\/\/luiza.manolea.ro\/blog\/legislatie\/oug-692010-reabilitare-cu-credite\/o-19372010-conventia-privind-plata-dobanzii-subventionate\/\">Ordin 1937\/2010<\/a> de aprobare a modelului-cadru al Conventiei privind plata dobanzii subventionate<\/p>\n<p style=\"padding-left: 90px;\">*** <a href=\"https:\/\/luiza.manolea.ro\/blog\/o-21792010-aprobarea-diverselor-conventii-necesare-aplicarii-oug-692010\/\">Ordin 2179\/2010<\/a> de aprobarea diverselor Conventii necesare punerii in aplicare a OUG 69\/2010.<\/p>\n<p>Leg\u0103turi utile: <a title=\"Calendar transpunere obligatii performanta energetica cladiri\" href=\"https:\/\/luiza.manolea.ro\/blog\/2012\/03\/27\/calendarul-obligatiilor-privind-performanta-energetica-a-cladirilor\/\">Calendarul transpunerii obliga\u0163iilor \u00een legisla\u0163ia rom\u00e2neasc\u0103<\/a><\/p>\n<div class=\"mcePaste\" id=\"_mcePaste\" style=\"position: absolute; left: -10000px; top: 0px; width: 1px; height: 1px; overflow: hidden; padding-left: 90px;\"><!--[if gte mso 9]><xml> <w:WordDocument> <w:View>Normal<\/w:View> <w:Zoom>0<\/w:Zoom> <w:PunctuationKerning \/> <w:ValidateAgainstSchemas \/> <w:SaveIfXMLInvalid>false<\/w:SaveIfXMLInvalid> <w:IgnoreMixedContent>false<\/w:IgnoreMixedContent> <w:AlwaysShowPlaceholderText>false<\/w:AlwaysShowPlaceholderText> <w:Compatibility> <w:BreakWrappedTables \/> <w:SnapToGridInCell \/> <w:WrapTextWithPunct \/> <w:UseAsianBreakRules \/> <w:DontGrowAutofit \/> <\/w:Compatibility> <w:BrowserLevel>MicrosoftInternetExplorer4<\/w:BrowserLevel> <\/w:WordDocument> <\/xml><![endif]--><!--[if gte mso 9]><xml> <w:LatentStyles DefLockedState=\"false\" LatentStyleCount=\"156\"> <\/w:LatentStyles> <\/xml><![endif]--><!--[if gte mso 10]> <mce:style><!   \/* Style Definitions *\/  table.MsoNormalTable \t{mso-style-name:\"Table Normal\"; \tmso-tstyle-rowband-size:0; \tmso-tstyle-colband-size:0; \tmso-style-noshow:yes; \tmso-style-parent:\"\"; \tmso-padding-alt:0in 5.4pt 0in 5.4pt; \tmso-para-margin:0in; \tmso-para-margin-bottom:.0001pt; \tmso-pagination:widow-orphan; \tfont-size:10.0pt; \tfont-family:\"Times New Roman\"; \tmso-ansi-language:#0400; \tmso-fareast-language:#0400; \tmso-bidi-language:#0400;} --> <!--[endif]--><strong><span lang=\"PT-BR\" style=\"font-size: 12pt; font-family: 'Times New Roman';\">Normelor metodologice privind performan\u0163a energetic\u0103 a cl\u0103dirilor<\/span><\/strong><\/div>\n","protected":false},"excerpt":{"rendered":"<p>Directiva 2010\/31\/UE&#8211; privind performanta energetica a cladirilor &#8211; reformare Regulamentul delegat (UE) nr. 244\/2012 al Comisiei din 16 ianuarie 2012 de completare a Directivei 2010\/31\/UE a Parlamentului European \u0219i a Consiliului privind performan\u021ba energetic\u0103 a cl\u0103dirilor prin stabilirea unui cadru metodologic comparativ de calcul al nivelurilor optime, din punctul de vedere al costurilor, ale cerin\u021belor [&hellip;]<\/p>\n","protected":false},"author":2,"featured_media":0,"parent":276,"menu_order":0,"comment_status":"open","ping_status":"closed","template":"","meta":{"footnotes":""},"class_list":["post-422","page","type-page","status-publish","hentry"],"aioseo_notices":[],"_links":{"self":[{"href":"https:\/\/luiza.manolea.ro\/blog\/wp-json\/wp\/v2\/pages\/422","targetHints":{"allow":["GET"]}}],"collection":[{"href":"https:\/\/luiza.manolea.ro\/blog\/wp-json\/wp\/v2\/pages"}],"about":[{"href":"https:\/\/luiza.manolea.ro\/blog\/wp-json\/wp\/v2\/types\/page"}],"author":[{"embeddable":true,"href":"https:\/\/luiza.manolea.ro\/blog\/wp-json\/wp\/v2\/users\/2"}],"replies":[{"embeddable":true,"href":"https:\/\/luiza.manolea.ro\/blog\/wp-json\/wp\/v2\/comments?post=422"}],"version-history":[{"count":31,"href":"https:\/\/luiza.manolea.ro\/blog\/wp-json\/wp\/v2\/pages\/422\/revisions"}],"predecessor-version":[{"id":1341,"href":"https:\/\/luiza.manolea.ro\/blog\/wp-json\/wp\/v2\/pages\/422\/revisions\/1341"}],"up":[{"embeddable":true,"href":"https:\/\/luiza.manolea.ro\/blog\/wp-json\/wp\/v2\/pages\/276"}],"wp:attachment":[{"href":"https:\/\/luiza.manolea.ro\/blog\/wp-json\/wp\/v2\/media?parent=422"}],"curies":[{"name":"wp","href":"https:\/\/api.w.org\/{rel}","templated":true}]}}