{"id":2,"date":"2009-12-12T16:36:01","date_gmt":"2009-12-12T14:36:01","guid":{"rendered":"http:\/\/luiza.manolea.ro\/blog\/?page_id=2"},"modified":"2011-02-10T19:27:44","modified_gmt":"2011-02-10T17:27:44","slug":"about","status":"publish","type":"page","link":"https:\/\/luiza.manolea.ro\/blog\/about\/","title":{"rendered":"Autor"},"content":{"rendered":"<p>Luiza Manolea este absolvent\u0103 a Facult\u0103\u0163ii de drept a Universit\u0103\u0163ii Bucure\u015fti \u015fi a Colegiului juridic franco-rom\u00e2n de studii europene din cadrul Universit\u0103\u0163ii Paris I Panth\u00e9on-Sorbonne.<\/p>\n<p>Membr\u0103 a Baroului Bucure\u015fti din 2002, Luiza Manolea \u00eembin\u0103 experien\u0163a pe care a c\u00e2\u015ftigat-o ca avocat specializat \u00een consultan\u0163\u0103 \u00een cadrul unei societ\u0103\u0163i de avoca\u0163i cu cea pe care a acumulat-o \u00een perioada 2004-2009 ca &#8220;in-house lawyer&#8221; cu atribu\u0163ii manageriale \u00een cadrul unei societ\u0103\u0163i multina\u0163ionale din domeniul construc\u0163iilor cu sediul principal \u00een Fran\u0163a.<\/p>\n<p>Activitatea recent\u0103 este dedicat\u0103 sprijinului materializat prin servicii juridice de calitate a celor care doresc s\u0103 \u00ee\u015fi dezvolte afacerile \u00een special \u00een domeniul construc\u0163iilor sustenabile \u015fi \u00een cel al energiilor regenerabile.<\/p>\n<p>Oportunit\u0103\u0163ile de comunicare pe calea internetului \u015fi-au g\u0103sit ecou \u00een crearea \u00een 2010 a acestui blog juridic. Aici g\u0103si\u0163i analize, studii de caz, legisla\u0163ie, informa\u0163ii utile \u00een str\u00e2ns\u0103 leg\u0103tur\u0103 cu chestiunile juridice care au impact asupra afacerilor dvs. Pute\u0163i fi informat \u00een timp real asupra oric\u0103ror noi \u00eensemn\u0103ri \u00een blog prin abonarea la newsletter ori prin RSS.<\/p>\n<p>Pentru mai multe detalii despre activitatea profesional\u0103 \u015fi pentru datele de contact, v\u0103 invit s\u0103 accesa\u0163i site-ul Cabinetului la adresa <a href=\"http:\/\/www.luiza.manolea.ro\">www.luiza.manolea.ro<\/a>.<\/p>\n","protected":false},"excerpt":{"rendered":"<p>Luiza Manolea este absolvent\u0103 a Facult\u0103\u0163ii de drept a Universit\u0103\u0163ii Bucure\u015fti \u015fi a Colegiului juridic franco-rom\u00e2n de studii europene din cadrul Universit\u0103\u0163ii Paris I Panth\u00e9on-Sorbonne. Membr\u0103 a Baroului Bucure\u015fti din 2002, Luiza Manolea \u00eembin\u0103 experien\u0163a pe care a c\u00e2\u015ftigat-o ca avocat specializat \u00een consultan\u0163\u0103 \u00een cadrul unei societ\u0103\u0163i de avoca\u0163i cu cea pe care a [&hellip;]<\/p>\n","protected":false},"author":1,"featured_media":0,"parent":0,"menu_order":0,"comment_status":"open","ping_status":"closed","template":"","meta":{"footnotes":""},"class_list":["post-2","page","type-page","status-publish","hentry"],"aioseo_notices":[],"_links":{"self":[{"href":"https:\/\/luiza.manolea.ro\/blog\/wp-json\/wp\/v2\/pages\/2","targetHints":{"allow":["GET"]}}],"collection":[{"href":"https:\/\/luiza.manolea.ro\/blog\/wp-json\/wp\/v2\/pages"}],"about":[{"href":"https:\/\/luiza.manolea.ro\/blog\/wp-json\/wp\/v2\/types\/page"}],"author":[{"embeddable":true,"href":"https:\/\/luiza.manolea.ro\/blog\/wp-json\/wp\/v2\/users\/1"}],"replies":[{"embeddable":true,"href":"https:\/\/luiza.manolea.ro\/blog\/wp-json\/wp\/v2\/comments?post=2"}],"version-history":[{"count":6,"href":"https:\/\/luiza.manolea.ro\/blog\/wp-json\/wp\/v2\/pages\/2\/revisions"}],"predecessor-version":[{"id":14,"href":"https:\/\/luiza.manolea.ro\/blog\/wp-json\/wp\/v2\/pages\/2\/revisions\/14"}],"wp:attachment":[{"href":"https:\/\/luiza.manolea.ro\/blog\/wp-json\/wp\/v2\/media?parent=2"}],"curies":[{"name":"wp","href":"https:\/\/api.w.org\/{rel}","templated":true}]}}