{"id":1214,"date":"2013-01-29T17:02:27","date_gmt":"2013-01-29T15:02:27","guid":{"rendered":"http:\/\/luiza.manolea.ro\/blog\/?page_id=1214"},"modified":"2014-02-14T19:49:25","modified_gmt":"2014-02-14T17:49:25","slug":"achizitii-publice","status":"publish","type":"page","link":"https:\/\/luiza.manolea.ro\/blog\/legislatie\/achizitii-publice\/","title":{"rendered":"Achizitii publice"},"content":{"rendered":"<p>Achizitii publice:<\/p>\n<p>*\u00a0\u00a0 <a href=\"http:\/\/eur-lex.europa.eu\/LexUriServ\/LexUriServ.do?uri=CONSLEG:2004L0018:20120101:RO:PDF\" target=\"_blank\">Directiva 2004\/18\/CE a Parlamentului European \u0219i a Consiliului din 31 martie 2004<\/a> privind coordonarea procedurilor de atribuire a contractelor de achizi\u021bii publice de lucr\u0103ri, de bunuri \u0219i de servicii<\/p>\n<p>** <a href=\"https:\/\/luiza.manolea.ro\/blog\/legislatie\/achizitii-publice\/oug-nr-342006-privind-achizitiile-publice\/\" target=\"_blank\">Ordonanta de Urgenta a Guvernului nr. 34\/2006 privind achizitiile publice<\/a><\/p>\n<p>*** <a href=\"https:\/\/luiza.manolea.ro\/blog\/legislatie\/achizitii-publice\/oug-nr-342006-privind-achizitiile-publice\/hg-nr-9252006-norme-aplicare\/\">Hotararea de Guvern nr. 925\/2006<\/a> privind normele de aplicare ale OUG nr. 34\/2006<\/p>\n<p>*** <a href=\"https:\/\/luiza.manolea.ro\/blog\/legislatie\/achizitii-publice\/oug-nr-342006-privind-achizitiile-publice\/hg-nr-712007-norme-concesiune-lucrari-si-servicii-publice\/http:\/\/\" target=\"_blank\">Hotararea de Guvern nr. 71\/2007<\/a> pentru aprobarea Normelor de aplicare a prevederilor referitoare la atribuirea contractelor de concesiune de lucr\u0103ri publice \u015fi a contractelor de concesiune de servicii prev\u0103zute \u00een OUG nr. 34\/2006<\/p>\n<p>*** Hotararea Guvernului nr.1660\/2006 pentru aprobarea Normelor de aplicare a prevederilor referitoare la atribuirea contractelor de achizitie publica prin mijloace electronice din OUG nr.34\/2006<\/p>\n<p>**** Ordinul nr.509\/2011 privind formularea criteriilor de calificare \u015fi selec\u0163ie, emis de Pre\u015fedintele Autorit\u0103\u0163ii Na\u0163ionale pentru Reglementarea \u015fi Monitorizarea Achizi\u0163iilor Publice<\/p>\n","protected":false},"excerpt":{"rendered":"<p>Achizitii publice: *\u00a0\u00a0 Directiva 2004\/18\/CE a Parlamentului European \u0219i a Consiliului din 31 martie 2004 privind coordonarea procedurilor de atribuire a contractelor de achizi\u021bii publice de lucr\u0103ri, de bunuri \u0219i de servicii ** Ordonanta de Urgenta a Guvernului nr. 34\/2006 privind achizitiile publice *** Hotararea de Guvern nr. 925\/2006 privind normele de aplicare ale OUG [&hellip;]<\/p>\n","protected":false},"author":2,"featured_media":0,"parent":276,"menu_order":0,"comment_status":"open","ping_status":"closed","template":"","meta":{"footnotes":""},"class_list":["post-1214","page","type-page","status-publish","hentry"],"aioseo_notices":[],"_links":{"self":[{"href":"https:\/\/luiza.manolea.ro\/blog\/wp-json\/wp\/v2\/pages\/1214","targetHints":{"allow":["GET"]}}],"collection":[{"href":"https:\/\/luiza.manolea.ro\/blog\/wp-json\/wp\/v2\/pages"}],"about":[{"href":"https:\/\/luiza.manolea.ro\/blog\/wp-json\/wp\/v2\/types\/page"}],"author":[{"embeddable":true,"href":"https:\/\/luiza.manolea.ro\/blog\/wp-json\/wp\/v2\/users\/2"}],"replies":[{"embeddable":true,"href":"https:\/\/luiza.manolea.ro\/blog\/wp-json\/wp\/v2\/comments?post=1214"}],"version-history":[{"count":10,"href":"https:\/\/luiza.manolea.ro\/blog\/wp-json\/wp\/v2\/pages\/1214\/revisions"}],"predecessor-version":[{"id":1469,"href":"https:\/\/luiza.manolea.ro\/blog\/wp-json\/wp\/v2\/pages\/1214\/revisions\/1469"}],"up":[{"embeddable":true,"href":"https:\/\/luiza.manolea.ro\/blog\/wp-json\/wp\/v2\/pages\/276"}],"wp:attachment":[{"href":"https:\/\/luiza.manolea.ro\/blog\/wp-json\/wp\/v2\/media?parent=1214"}],"curies":[{"name":"wp","href":"https:\/\/api.w.org\/{rel}","templated":true}]}}